{"id":2617,"date":"2024-09-28T18:32:13","date_gmt":"2024-09-28T15:32:13","guid":{"rendered":"https:\/\/demo.your-quick.site\/makeup-artist-02-multilanguage\/?page_id=2617"},"modified":"2024-09-28T18:36:38","modified_gmt":"2024-09-28T15:36:38","slug":"ueber","status":"publish","type":"page","link":"https:\/\/demo.your-quick.site\/makeup-artist-02-multilanguage\/de\/ueber\/","title":{"rendered":"\u00dcber"},"content":{"rendered":"\t\t<div data-elementor-type=\"wp-post\" data-elementor-id=\"2617\" class=\"elementor elementor-2617\">\n\t\t\t\t<div class=\"elementor-element elementor-element-33943a05 e-flex e-con-boxed e-con e-parent\" data-id=\"33943a05\" data-element_type=\"container\" data-settings=\"{&quot;background_background&quot;:&quot;classic&quot;,&quot;shape_divider_bottom&quot;:&quot;waves&quot;}\">\n\t\t\t\t\t<div class=\"e-con-inner\">\n\t\t\t\t<div class=\"elementor-shape elementor-shape-bottom\" aria-hidden=\"true\" data-negative=\"false\">\n\t\t\t<svg xmlns=\"http:\/\/www.w3.org\/2000\/svg\" viewBox=\"0 0 1000 100\" preserveAspectRatio=\"none\">\n\t<path class=\"elementor-shape-fill\" d=\"M421.9,6.5c22.6-2.5,51.5,0.4,75.5,5.3c23.6,4.9,70.9,23.5,100.5,35.7c75.8,32.2,133.7,44.5,192.6,49.7\n\tc23.6,2.1,48.7,3.5,103.4-2.5c54.7-6,106.2-25.6,106.2-25.6V0H0v30.3c0,0,72,32.6,158.4,30.5c39.2-0.7,92.8-6.7,134-22.4\n\tc21.2-8.1,52.2-18.2,79.7-24.2C399.3,7.9,411.6,7.5,421.9,6.5z\"\/>\n<\/svg>\t\t<\/div>\n\t\t<div class=\"elementor-element elementor-element-4580426b e-con-full e-flex e-con e-child\" data-id=\"4580426b\" data-element_type=\"container\">\n\t\t\t\t<div class=\"elementor-element elementor-element-5a64e21d elementor-widget elementor-widget-heading\" data-id=\"5a64e21d\" data-element_type=\"widget\" data-widget_type=\"heading.default\">\n\t\t\t\t<div class=\"elementor-widget-container\">\n\t\t\t\t\t<h1 class=\"elementor-heading-title elementor-size-default\">\u00dcber mich<\/h1>\t\t\t\t<\/div>\n\t\t\t\t<\/div>\n\t\t\t\t<\/div>\n\t\t\t\t\t<\/div>\n\t\t\t\t<\/div>\n\t\t<div class=\"elementor-element elementor-element-6aecab52 e-flex e-con-boxed e-con e-parent\" data-id=\"6aecab52\" data-element_type=\"container\" data-settings=\"{&quot;background_background&quot;:&quot;classic&quot;}\">\n\t\t\t\t\t<div class=\"e-con-inner\">\n\t\t<div class=\"elementor-element elementor-element-18442672 e-con-full e-flex e-con e-child\" data-id=\"18442672\" data-element_type=\"container\">\n\t\t\t\t<div class=\"elementor-element elementor-element-eab80a7 elementor-widget elementor-widget-image\" data-id=\"eab80a7\" data-element_type=\"widget\" data-widget_type=\"image.default\">\n\t\t\t\t<div class=\"elementor-widget-container\">\n\t\t\t\t\t\t\t\t\t\t\t\t\t\t\t<img fetchpriority=\"high\" decoding=\"async\" width=\"550\" height=\"776\" src=\"https:\/\/demo.your-quick.site\/makeup-artist-02-multilanguage\/wp-content\/uploads\/sites\/6\/2020\/05\/profile-image.jpg\" class=\"attachment-large size-large wp-image-1223\" alt=\"\" \/>\t\t\t\t\t\t\t\t\t\t\t\t\t\t\t<\/div>\n\t\t\t\t<\/div>\n\t\t\t\t<\/div>\n\t\t<div class=\"elementor-element elementor-element-31278833 e-con-full e-flex e-con e-child\" data-id=\"31278833\" data-element_type=\"container\">\n\t\t\t\t<div class=\"elementor-element elementor-element-6d4c634b elementor-widget elementor-widget-heading\" data-id=\"6d4c634b\" data-element_type=\"widget\" data-widget_type=\"heading.default\">\n\t\t\t\t<div class=\"elementor-widget-container\">\n\t\t\t\t\t<h2 class=\"elementor-heading-title elementor-size-default\">Es geht nur um meine Geschichte<\/h2>\t\t\t\t<\/div>\n\t\t\t\t<\/div>\n\t\t\t\t<div class=\"elementor-element elementor-element-2d599da3 elementor-widget elementor-widget-heading\" data-id=\"2d599da3\" data-element_type=\"widget\" data-widget_type=\"heading.default\">\n\t\t\t\t<div class=\"elementor-widget-container\">\n\t\t\t\t\t<h5 class=\"elementor-heading-title elementor-size-default\">Ich bin ein leidenschaftlicher Make-up-K\u00fcnstler gewesen.<\/h5>\t\t\t\t<\/div>\n\t\t\t\t<\/div>\n\t\t\t\t<div class=\"elementor-element elementor-element-5094616f elementor-widget elementor-widget-text-editor\" data-id=\"5094616f\" data-element_type=\"widget\" data-widget_type=\"text-editor.default\">\n\t\t\t\t<div class=\"elementor-widget-container\">\n\t\t\t\t\t\t\t\t\t<p>Bevor man sich f\u00fcr bestimmte Dienstleistungen entscheidet, m\u00f6chte man oft mehr \u00fcber eine Person und ihr Fachwissen erfahren. Das Gleiche gilt f\u00fcr Sch\u00f6nheit und Make-up. Sie k\u00f6nnen diesen Abschnitt nutzen, um den Leuten mitzuteilen, wer Sie sind, Ihre Qualifikationen und Ihr Fachwissen, das Sie zu einer besseren Wahl unter den anderen macht. Erz\u00e4hlen Sie ihnen von Ihrer Erfahrung und Ihren Dienstleistungen.<\/p>\t\t\t\t\t\t\t\t<\/div>\n\t\t\t\t<\/div>\n\t\t\t\t<div class=\"elementor-element elementor-element-16c95ff1 elementor-widget elementor-widget-text-editor\" data-id=\"16c95ff1\" data-element_type=\"widget\" data-widget_type=\"text-editor.default\">\n\t\t\t\t<div class=\"elementor-widget-container\">\n\t\t\t\t\t\t\t\t\t<p>Sie k\u00f6nnen auch Ihre Erfolge oder einige bekannte Kunden auflisten, f\u00fcr die Sie gearbeitet haben. Solche Details ziehen oft Kunden an und ermutigen sie, es mit Ihnen zu versuchen. Stellen Sie sicher, dass Sie in diesem Abschnitt alles M\u00f6gliche hinzuf\u00fcgen.<\/p>\t\t\t\t\t\t\t\t<\/div>\n\t\t\t\t<\/div>\n\t\t\t\t<div class=\"elementor-element elementor-element-a8068fd elementor-widget elementor-widget-heading\" data-id=\"a8068fd\" data-element_type=\"widget\" data-widget_type=\"heading.default\">\n\t\t\t\t<div class=\"elementor-widget-container\">\n\t\t\t\t\t<h3 class=\"elementor-heading-title elementor-size-default\">Christina Koller<\/h3>\t\t\t\t<\/div>\n\t\t\t\t<\/div>\n\t\t\t\t<div class=\"elementor-element elementor-element-22dd8e8 elementor-icon-list--layout-inline elementor-list-item-link-full_width elementor-widget elementor-widget-icon-list\" data-id=\"22dd8e8\" data-element_type=\"widget\" data-widget_type=\"icon-list.default\">\n\t\t\t\t<div class=\"elementor-widget-container\">\n\t\t\t\t\t\t\t<ul class=\"elementor-icon-list-items elementor-inline-items\">\n\t\t\t\t\t\t\t<li class=\"elementor-icon-list-item elementor-inline-item\">\n\t\t\t\t\t\t\t\t\t\t\t<a href=\"#\">\n\n\t\t\t\t\t\t\t\t\t\t\t\t<span class=\"elementor-icon-list-icon\">\n\t\t\t\t\t\t\t<svg aria-hidden=\"true\" class=\"e-font-icon-svg e-fas-phone-alt\" viewBox=\"0 0 512 512\" xmlns=\"http:\/\/www.w3.org\/2000\/svg\"><path d=\"M497.39 361.8l-112-48a24 24 0 0 0-28 6.9l-49.6 60.6A370.66 370.66 0 0 1 130.6 204.11l60.6-49.6a23.94 23.94 0 0 0 6.9-28l-48-112A24.16 24.16 0 0 0 122.6.61l-104 24A24 24 0 0 0 0 48c0 256.5 207.9 464 464 464a24 24 0 0 0 23.4-18.6l24-104a24.29 24.29 0 0 0-14.01-27.6z\"><\/path><\/svg>\t\t\t\t\t\t<\/span>\n\t\t\t\t\t\t\t\t\t\t<span class=\"elementor-icon-list-text\">+1 987 654 321<\/span>\n\t\t\t\t\t\t\t\t\t\t\t<\/a>\n\t\t\t\t\t\t\t\t\t<\/li>\n\t\t\t\t\t\t\t\t<li class=\"elementor-icon-list-item elementor-inline-item\">\n\t\t\t\t\t\t\t\t\t\t\t<a href=\"#\">\n\n\t\t\t\t\t\t\t\t\t\t\t\t<span class=\"elementor-icon-list-icon\">\n\t\t\t\t\t\t\t<svg aria-hidden=\"true\" class=\"e-font-icon-svg e-far-envelope\" viewBox=\"0 0 512 512\" xmlns=\"http:\/\/www.w3.org\/2000\/svg\"><path d=\"M464 64H48C21.49 64 0 85.49 0 112v288c0 26.51 21.49 48 48 48h416c26.51 0 48-21.49 48-48V112c0-26.51-21.49-48-48-48zm0 48v40.805c-22.422 18.259-58.168 46.651-134.587 106.49-16.841 13.247-50.201 45.072-73.413 44.701-23.208.375-56.579-31.459-73.413-44.701C106.18 199.465 70.425 171.067 48 152.805V112h416zM48 400V214.398c22.914 18.251 55.409 43.862 104.938 82.646 21.857 17.205 60.134 55.186 103.062 54.955 42.717.231 80.509-37.199 103.053-54.947 49.528-38.783 82.032-64.401 104.947-82.653V400H48z\"><\/path><\/svg>\t\t\t\t\t\t<\/span>\n\t\t\t\t\t\t\t\t\t\t<span class=\"elementor-icon-list-text\">info@example.com<\/span>\n\t\t\t\t\t\t\t\t\t\t\t<\/a>\n\t\t\t\t\t\t\t\t\t<\/li>\n\t\t\t\t\t\t<\/ul>\n\t\t\t\t\t\t<\/div>\n\t\t\t\t<\/div>\n\t\t\t\t<\/div>\n\t\t\t\t\t<\/div>\n\t\t\t\t<\/div>\n\t\t<div class=\"elementor-element elementor-element-37a609f3 e-flex e-con-boxed e-con e-parent\" data-id=\"37a609f3\" data-element_type=\"container\">\n\t\t\t\t\t<div class=\"e-con-inner\">\n\t\t<div class=\"elementor-element elementor-element-5c69fd22 e-con-full e-flex e-con e-child\" data-id=\"5c69fd22\" data-element_type=\"container\">\n\t\t\t\t<div class=\"elementor-element elementor-element-3c6798c1 elementor-widget elementor-widget-heading\" data-id=\"3c6798c1\" data-element_type=\"widget\" data-widget_type=\"heading.default\">\n\t\t\t\t<div class=\"elementor-widget-container\">\n\t\t\t\t\t<h6 class=\"elementor-heading-title elementor-size-default\">Unser fantastisches Team<\/h6>\t\t\t\t<\/div>\n\t\t\t\t<\/div>\n\t\t\t\t<div class=\"elementor-element elementor-element-78148fdc elementor-widget elementor-widget-image-box\" data-id=\"78148fdc\" data-element_type=\"widget\" data-widget_type=\"image-box.default\">\n\t\t\t\t<div class=\"elementor-widget-container\">\n\t\t\t\t\t<div class=\"elementor-image-box-wrapper\"><div class=\"elementor-image-box-content\"><h2 class=\"elementor-image-box-title\">Wir haben L\u00f6sungen<\/h2><p class=\"elementor-image-box-description\">Hier k\u00f6nnen Sie die Experten in Ihrem Team vorstellen.<\/p><\/div><\/div>\t\t\t\t<\/div>\n\t\t\t\t<\/div>\n\t\t\t\t<\/div>\n\t\t\t\t\t<\/div>\n\t\t\t\t<\/div>\n\t\t<div class=\"elementor-element elementor-element-7fb2d304 e-flex e-con-boxed e-con e-parent\" data-id=\"7fb2d304\" data-element_type=\"container\">\n\t\t\t\t\t<div class=\"e-con-inner\">\n\t\t<div class=\"elementor-element elementor-element-210c64cf e-con-full e-flex e-con e-child\" data-id=\"210c64cf\" data-element_type=\"container\" data-settings=\"{&quot;background_background&quot;:&quot;classic&quot;}\">\n\t\t\t\t<div class=\"elementor-element elementor-element-6c00c499 elementor-widget elementor-widget-image\" data-id=\"6c00c499\" data-element_type=\"widget\" data-widget_type=\"image.default\">\n\t\t\t\t<div class=\"elementor-widget-container\">\n\t\t\t\t\t\t\t\t\t\t\t\t\t\t\t<img decoding=\"async\" width=\"350\" height=\"350\" src=\"https:\/\/demo.your-quick.site\/makeup-artist-02-multilanguage\/wp-content\/uploads\/sites\/6\/2020\/05\/artist1.jpg\" class=\"attachment-large size-large wp-image-1225\" alt=\"\" srcset=\"https:\/\/demo.your-quick.site\/makeup-artist-02-multilanguage\/wp-content\/uploads\/sites\/6\/2020\/05\/artist1.jpg 350w, https:\/\/demo.your-quick.site\/makeup-artist-02-multilanguage\/wp-content\/uploads\/sites\/6\/2020\/05\/artist1-300x300.jpg 300w, https:\/\/demo.your-quick.site\/makeup-artist-02-multilanguage\/wp-content\/uploads\/sites\/6\/2020\/05\/artist1-150x150.jpg 150w\" sizes=\"(max-width: 350px) 100vw, 350px\" \/>\t\t\t\t\t\t\t\t\t\t\t\t\t\t\t<\/div>\n\t\t\t\t<\/div>\n\t\t\t\t<div class=\"elementor-element elementor-element-281e6a50 elementor-widget elementor-widget-image-box\" data-id=\"281e6a50\" data-element_type=\"widget\" data-widget_type=\"image-box.default\">\n\t\t\t\t<div class=\"elementor-widget-container\">\n\t\t\t\t\t<div class=\"elementor-image-box-wrapper\"><div class=\"elementor-image-box-content\"><h4 class=\"elementor-image-box-title\">Christina Koller<\/h4><p class=\"elementor-image-box-description\">Eigent\u00fcmer<\/p><\/div><\/div>\t\t\t\t<\/div>\n\t\t\t\t<\/div>\n\t\t\t\t<\/div>\n\t\t<div class=\"elementor-element elementor-element-5a1b4579 e-con-full e-flex e-con e-child\" data-id=\"5a1b4579\" data-element_type=\"container\" data-settings=\"{&quot;background_background&quot;:&quot;classic&quot;}\">\n\t\t\t\t<div class=\"elementor-element elementor-element-61a0b078 elementor-widget elementor-widget-image\" data-id=\"61a0b078\" data-element_type=\"widget\" data-widget_type=\"image.default\">\n\t\t\t\t<div class=\"elementor-widget-container\">\n\t\t\t\t\t\t\t\t\t\t\t\t\t\t\t<img decoding=\"async\" width=\"350\" height=\"350\" src=\"https:\/\/demo.your-quick.site\/makeup-artist-02-multilanguage\/wp-content\/uploads\/sites\/6\/2020\/05\/artist2.jpg\" class=\"attachment-large size-large wp-image-1226\" alt=\"\" srcset=\"https:\/\/demo.your-quick.site\/makeup-artist-02-multilanguage\/wp-content\/uploads\/sites\/6\/2020\/05\/artist2.jpg 350w, https:\/\/demo.your-quick.site\/makeup-artist-02-multilanguage\/wp-content\/uploads\/sites\/6\/2020\/05\/artist2-300x300.jpg 300w, https:\/\/demo.your-quick.site\/makeup-artist-02-multilanguage\/wp-content\/uploads\/sites\/6\/2020\/05\/artist2-150x150.jpg 150w\" sizes=\"(max-width: 350px) 100vw, 350px\" \/>\t\t\t\t\t\t\t\t\t\t\t\t\t\t\t<\/div>\n\t\t\t\t<\/div>\n\t\t\t\t<div class=\"elementor-element elementor-element-43469a6 elementor-widget elementor-widget-image-box\" data-id=\"43469a6\" data-element_type=\"widget\" data-widget_type=\"image-box.default\">\n\t\t\t\t<div class=\"elementor-widget-container\">\n\t\t\t\t\t<div class=\"elementor-image-box-wrapper\"><div class=\"elementor-image-box-content\"><h4 class=\"elementor-image-box-title\">Janet Brooks<\/h4><p class=\"elementor-image-box-description\">Co. Gr\u00fcnder<\/p><\/div><\/div>\t\t\t\t<\/div>\n\t\t\t\t<\/div>\n\t\t\t\t<\/div>\n\t\t<div class=\"elementor-element elementor-element-37f008a4 e-con-full e-flex e-con e-child\" data-id=\"37f008a4\" data-element_type=\"container\" data-settings=\"{&quot;background_background&quot;:&quot;classic&quot;}\">\n\t\t\t\t<div class=\"elementor-element elementor-element-3306450 elementor-widget elementor-widget-image\" data-id=\"3306450\" data-element_type=\"widget\" data-widget_type=\"image.default\">\n\t\t\t\t<div class=\"elementor-widget-container\">\n\t\t\t\t\t\t\t\t\t\t\t\t\t\t\t<img loading=\"lazy\" decoding=\"async\" width=\"350\" height=\"350\" src=\"https:\/\/demo.your-quick.site\/makeup-artist-02-multilanguage\/wp-content\/uploads\/sites\/6\/2020\/05\/artist3.jpg\" class=\"attachment-large size-large wp-image-1227\" alt=\"\" srcset=\"https:\/\/demo.your-quick.site\/makeup-artist-02-multilanguage\/wp-content\/uploads\/sites\/6\/2020\/05\/artist3.jpg 350w, https:\/\/demo.your-quick.site\/makeup-artist-02-multilanguage\/wp-content\/uploads\/sites\/6\/2020\/05\/artist3-300x300.jpg 300w, https:\/\/demo.your-quick.site\/makeup-artist-02-multilanguage\/wp-content\/uploads\/sites\/6\/2020\/05\/artist3-150x150.jpg 150w\" sizes=\"(max-width: 350px) 100vw, 350px\" \/>\t\t\t\t\t\t\t\t\t\t\t\t\t\t\t<\/div>\n\t\t\t\t<\/div>\n\t\t\t\t<div class=\"elementor-element elementor-element-591e3f2c elementor-widget elementor-widget-image-box\" data-id=\"591e3f2c\" data-element_type=\"widget\" data-widget_type=\"image-box.default\">\n\t\t\t\t<div class=\"elementor-widget-container\">\n\t\t\t\t\t<div class=\"elementor-image-box-wrapper\"><div class=\"elementor-image-box-content\"><h4 class=\"elementor-image-box-title\">Maria Garrett<\/h4><p class=\"elementor-image-box-description\">Kundenbetreuung<\/p><\/div><\/div>\t\t\t\t<\/div>\n\t\t\t\t<\/div>\n\t\t\t\t<\/div>\n\t\t<div class=\"elementor-element elementor-element-49aa9b9b e-con-full e-flex e-con e-child\" data-id=\"49aa9b9b\" data-element_type=\"container\" data-settings=\"{&quot;background_background&quot;:&quot;classic&quot;}\">\n\t\t\t\t<div class=\"elementor-element elementor-element-6c52a66a elementor-widget elementor-widget-heading\" data-id=\"6c52a66a\" data-element_type=\"widget\" data-widget_type=\"heading.default\">\n\t\t\t\t<div class=\"elementor-widget-container\">\n\t\t\t\t\t<h3 class=\"elementor-heading-title elementor-size-default\">Buchen Sie jetzt einen Termin und erhalten Sie 25% Rabatt<\/h3>\t\t\t\t<\/div>\n\t\t\t\t<\/div>\n\t\t\t\t<div class=\"elementor-element elementor-element-74c64237 elementor-widget elementor-widget-text-editor\" data-id=\"74c64237\" data-element_type=\"widget\" data-widget_type=\"text-editor.default\">\n\t\t\t\t<div class=\"elementor-widget-container\">\n\t\t\t\t\t\t\t\t\t<p>Awesome Monsoon Sale &#8211; 25% Rabatt auf alle professionellen Make-up von nur $59<\/p>\t\t\t\t\t\t\t\t<\/div>\n\t\t\t\t<\/div>\n\t\t\t\t<div class=\"elementor-element elementor-element-599c28fa elementor-align-justify elementor-tablet-align-center elementor-mobile-align-center elementor-widget elementor-widget-button\" data-id=\"599c28fa\" data-element_type=\"widget\" data-widget_type=\"button.default\">\n\t\t\t\t<div class=\"elementor-widget-container\">\n\t\t\t\t\t\t\t\t\t<div class=\"elementor-button-wrapper\">\n\t\t\t\t\t<a class=\"elementor-button elementor-button-link elementor-size-sm\" href=\"#\">\n\t\t\t\t\t\t<span class=\"elementor-button-content-wrapper\">\n\t\t\t\t\t\t\t\t\t<span class=\"elementor-button-text\">Termin buchen<\/span>\n\t\t\t\t\t<\/span>\n\t\t\t\t\t<\/a>\n\t\t\t\t<\/div>\n\t\t\t\t\t\t\t\t<\/div>\n\t\t\t\t<\/div>\n\t\t\t\t<\/div>\n\t\t\t\t\t<\/div>\n\t\t\t\t<\/div>\n\t\t\t\t<\/div>\n\t\t","protected":false},"excerpt":{"rendered":"<p>\u00dcber mich Es geht nur um meine Geschichte Ich bin ein leidenschaftlicher Make-up-K\u00fcnstler gewesen. Bevor man sich f\u00fcr bestimmte Dienstleistungen entscheidet, m\u00f6chte man oft mehr \u00fcber eine Person und ihr Fachwissen erfahren. Das Gleiche gilt f\u00fcr Sch\u00f6nheit und Make-up. Sie k\u00f6nnen diesen Abschnitt nutzen, um den Leuten mitzuteilen, wer Sie sind, Ihre Qualifikationen und Ihr [&hellip;]<\/p>\n","protected":false},"author":1,"featured_media":0,"parent":0,"menu_order":2,"comment_status":"closed","ping_status":"closed","template":"","meta":{"site-sidebar-layout":"no-sidebar","site-content-layout":"page-builder","ast-site-content-layout":"full-width-container","site-content-style":"unboxed","site-sidebar-style":"unboxed","ast-global-header-display":"","ast-banner-title-visibility":"","ast-main-header-display":"","ast-hfb-above-header-display":"","ast-hfb-below-header-display":"","ast-hfb-mobile-header-display":"","site-post-title":"disabled","ast-breadcrumbs-content":"","ast-featured-img":"disabled","footer-sml-layout":"","theme-transparent-header-meta":"enabled","adv-header-id-meta":"","stick-header-meta":"","header-above-stick-meta":"","header-main-stick-meta":"","header-below-stick-meta":"","astra-migrate-meta-layouts":"set","ast-page-background-enabled":"default","ast-page-background-meta":{"desktop":{"background-color":"","background-image":"","background-repeat":"repeat","background-position":"center center","background-size":"auto","background-attachment":"scroll","background-type":"","background-media":"","overlay-type":"","overlay-color":"","overlay-opacity":"","overlay-gradient":""},"tablet":{"background-color":"","background-image":"","background-repeat":"repeat","background-position":"center center","background-size":"auto","background-attachment":"scroll","background-type":"","background-media":"","overlay-type":"","overlay-color":"","overlay-opacity":"","overlay-gradient":""},"mobile":{"background-color":"","background-image":"","background-repeat":"repeat","background-position":"center center","background-size":"auto","background-attachment":"scroll","background-type":"","background-media":"","overlay-type":"","overlay-color":"","overlay-opacity":"","overlay-gradient":""}},"ast-content-background-meta":{"desktop":{"background-color":"var(--ast-global-color-5)","background-image":"","background-repeat":"repeat","background-position":"center center","background-size":"auto","background-attachment":"scroll","background-type":"","background-media":"","overlay-type":"","overlay-color":"","overlay-opacity":"","overlay-gradient":""},"tablet":{"background-color":"var(--ast-global-color-5)","background-image":"","background-repeat":"repeat","background-position":"center center","background-size":"auto","background-attachment":"scroll","background-type":"","background-media":"","overlay-type":"","overlay-color":"","overlay-opacity":"","overlay-gradient":""},"mobile":{"background-color":"var(--ast-global-color-5)","background-image":"","background-repeat":"repeat","background-position":"center center","background-size":"auto","background-attachment":"scroll","background-type":"","background-media":"","overlay-type":"","overlay-color":"","overlay-opacity":"","overlay-gradient":""}},"footnotes":""},"class_list":["post-2617","page","type-page","status-publish","hentry"],"_links":{"self":[{"href":"https:\/\/demo.your-quick.site\/makeup-artist-02-multilanguage\/wp-json\/wp\/v2\/pages\/2617","targetHints":{"allow":["GET"]}}],"collection":[{"href":"https:\/\/demo.your-quick.site\/makeup-artist-02-multilanguage\/wp-json\/wp\/v2\/pages"}],"about":[{"href":"https:\/\/demo.your-quick.site\/makeup-artist-02-multilanguage\/wp-json\/wp\/v2\/types\/page"}],"author":[{"embeddable":true,"href":"https:\/\/demo.your-quick.site\/makeup-artist-02-multilanguage\/wp-json\/wp\/v2\/users\/1"}],"replies":[{"embeddable":true,"href":"https:\/\/demo.your-quick.site\/makeup-artist-02-multilanguage\/wp-json\/wp\/v2\/comments?post=2617"}],"version-history":[{"count":0,"href":"https:\/\/demo.your-quick.site\/makeup-artist-02-multilanguage\/wp-json\/wp\/v2\/pages\/2617\/revisions"}],"wp:attachment":[{"href":"https:\/\/demo.your-quick.site\/makeup-artist-02-multilanguage\/wp-json\/wp\/v2\/media?parent=2617"}],"curies":[{"name":"wp","href":"https:\/\/api.w.org\/{rel}","templated":true}]}}