{"id":1188,"date":"2025-01-02T20:51:45","date_gmt":"2025-01-02T17:51:45","guid":{"rendered":"https:\/\/demo.your-quick.site\/outdoor-adventure-02-multilanguage\/?page_id=1188"},"modified":"2025-01-02T20:54:51","modified_gmt":"2025-01-02T17:54:51","slug":"palvelut","status":"publish","type":"page","link":"https:\/\/demo.your-quick.site\/outdoor-adventure-02-multilanguage\/fi\/palvelut\/","title":{"rendered":"Palvelut"},"content":{"rendered":"\n<div class=\"wp-block-uagb-container uagb-block-25efe059 alignfull uagb-is-root-container\"><div class=\"uagb-container-inner-blocks-wrap\">\n<div class=\"wp-block-uagb-advanced-heading uagb-block-152b2cf8\"><h1 class=\"uagb-heading-text\">Palvelut<\/h1><\/div>\n<\/div><\/div>\n\n\n\n<div class=\"wp-block-uagb-container uagb-block-4a87feac alignfull uagb-is-root-container\"><div class=\"uagb-container-inner-blocks-wrap\">\n<div class=\"wp-block-uagb-info-box uagb-block-5c6f27f2 uagb-infobox__content-wrap  uagb-infobox-icon-above-title uagb-infobox-image-valign-top\"><div class=\"uagb-ifb-content\"><div class=\"uagb-ifb-title-wrap\"><h2 class=\"uagb-ifb-title\">On aika aloittaa seikkailusi<\/h2><\/div><div class=\"uagb-ifb-separator\"><\/div><p class=\"uagb-ifb-desc\">Napsauta Muokkaa-painiketta muuttaaksesi t\u00e4t\u00e4 teksti\u00e4. Lorem ipsum dolor sit amet, consectetur adipiscing elit. Ut elit tellus, luctus ullamcorpe pulvinar.<\/p><\/div><\/div>\n\n\n\n<div class=\"wp-block-uagb-container uagb-block-d65a08d3\">\n<div class=\"wp-block-uagb-container uagb-block-c1588b44\">\n<div class=\"wp-block-uagb-image uagb-block-337fd67d wp-block-uagb-image--layout-default wp-block-uagb-image--effect-static wp-block-uagb-image--align-none\"><figure class=\"wp-block-uagb-image__figure\"><img decoding=\"async\" srcset=\"https:\/\/demo.your-quick.site\/outdoor-adventure-02-multilanguage\/wp-content\/uploads\/sites\/30\/2021\/02\/outdoor-image-03.jpg ,https:\/\/demo.your-quick.site\/outdoor-adventure-02-multilanguage\/wp-content\/uploads\/sites\/30\/2021\/02\/outdoor-image-03.jpg 780w, https:\/\/demo.your-quick.site\/outdoor-adventure-02-multilanguage\/wp-content\/uploads\/sites\/30\/2021\/02\/outdoor-image-03.jpg 360w\" sizes=\"auto, (max-width: 480px) 150px\" src=\"https:\/\/demo.your-quick.site\/outdoor-adventure-02-multilanguage\/wp-content\/uploads\/sites\/30\/2021\/02\/outdoor-image-03.jpg\" alt=\"\" class=\"uag-image-912\" width=\"484\" height=\"302\" title=\"outdoor-image-03\" loading=\"lazy\" role=\"img\"\/><\/figure><\/div>\n\n\n\n<div class=\"wp-block-uagb-info-box uagb-block-5408ebdb uagb-infobox__content-wrap  uagb-infobox-icon-above-title uagb-infobox-image-valign-top\"><div class=\"uagb-ifb-content\"><div class=\"uagb-ifb-title-wrap\"><h5 class=\"uagb-ifb-title\">Reppumatkat<\/h5><\/div><p class=\"uagb-ifb-desc\">Fuerat aestu carentem habentia spectent tonitrua mutastis locavit liberioris inistra possedit.<\/p><\/div><\/div>\n\n\n\n<div class=\"wp-block-uagb-image uagb-block-0aba367f wp-block-uagb-image--layout-default wp-block-uagb-image--effect-static wp-block-uagb-image--align-none\"><figure class=\"wp-block-uagb-image__figure\"><img decoding=\"async\" srcset=\"https:\/\/demo.your-quick.site\/outdoor-adventure-02-multilanguage\/wp-content\/uploads\/sites\/30\/2020\/09\/services-3.jpg ,https:\/\/demo.your-quick.site\/outdoor-adventure-02-multilanguage\/wp-content\/uploads\/sites\/30\/2020\/09\/services-3.jpg 780w, https:\/\/demo.your-quick.site\/outdoor-adventure-02-multilanguage\/wp-content\/uploads\/sites\/30\/2020\/09\/services-3.jpg 360w\" sizes=\"auto, (max-width: 480px) 150px\" src=\"https:\/\/demo.your-quick.site\/outdoor-adventure-02-multilanguage\/wp-content\/uploads\/sites\/30\/2020\/09\/services-3.jpg\" alt=\"\" class=\"uag-image-75\" width=\"484\" height=\"302\" title=\"services-3\" loading=\"lazy\" role=\"img\"\/><\/figure><\/div>\n\n\n\n<div class=\"wp-block-uagb-info-box uagb-block-73129e9b uagb-infobox__content-wrap  uagb-infobox-icon-above-title uagb-infobox-image-valign-top\"><div class=\"uagb-ifb-content\"><div class=\"uagb-ifb-title-wrap\"><h5 class=\"uagb-ifb-title\">Vesiurheilu<\/h5><\/div><p class=\"uagb-ifb-desc\">Fuerat aestu carentem habentia spectent tonitrua mutastis locavit liberioris inistra possedit.<\/p><\/div><\/div>\n<\/div>\n\n\n\n<div class=\"wp-block-uagb-container uagb-block-2d120e8e\">\n<div class=\"wp-block-uagb-image uagb-block-96e3610f wp-block-uagb-image--layout-default wp-block-uagb-image--effect-static wp-block-uagb-image--align-none\"><figure class=\"wp-block-uagb-image__figure\"><img decoding=\"async\" srcset=\"https:\/\/demo.your-quick.site\/outdoor-adventure-02-multilanguage\/wp-content\/uploads\/sites\/30\/2020\/09\/services-2.jpg ,https:\/\/demo.your-quick.site\/outdoor-adventure-02-multilanguage\/wp-content\/uploads\/sites\/30\/2020\/09\/services-2.jpg 780w, https:\/\/demo.your-quick.site\/outdoor-adventure-02-multilanguage\/wp-content\/uploads\/sites\/30\/2020\/09\/services-2.jpg 360w\" sizes=\"auto, (max-width: 480px) 150px\" src=\"https:\/\/demo.your-quick.site\/outdoor-adventure-02-multilanguage\/wp-content\/uploads\/sites\/30\/2020\/09\/services-2.jpg\" alt=\"\" class=\"uag-image-74\" width=\"484\" height=\"302\" title=\"services-2\" loading=\"lazy\" role=\"img\"\/><\/figure><\/div>\n\n\n\n<div class=\"wp-block-uagb-info-box uagb-block-3883f3b0 uagb-infobox__content-wrap  uagb-infobox-icon-above-title uagb-infobox-image-valign-top\"><div class=\"uagb-ifb-content\"><div class=\"uagb-ifb-title-wrap\"><h5 class=\"uagb-ifb-title\">Perheretket<\/h5><\/div><p class=\"uagb-ifb-desc\">Fuerat aestu carentem habentia spectent tonitrua mutastis locavit liberioris inistra possedit.<\/p><\/div><\/div>\n\n\n\n<div class=\"wp-block-uagb-image uagb-block-65f8bb55 wp-block-uagb-image--layout-default wp-block-uagb-image--effect-static wp-block-uagb-image--align-none\"><figure class=\"wp-block-uagb-image__figure\"><img decoding=\"async\" srcset=\"https:\/\/demo.your-quick.site\/outdoor-adventure-02-multilanguage\/wp-content\/uploads\/sites\/30\/2021\/02\/outdoor-image-01.jpg ,https:\/\/demo.your-quick.site\/outdoor-adventure-02-multilanguage\/wp-content\/uploads\/sites\/30\/2021\/02\/outdoor-image-01.jpg 780w, https:\/\/demo.your-quick.site\/outdoor-adventure-02-multilanguage\/wp-content\/uploads\/sites\/30\/2021\/02\/outdoor-image-01.jpg 360w\" sizes=\"auto, (max-width: 480px) 150px\" src=\"https:\/\/demo.your-quick.site\/outdoor-adventure-02-multilanguage\/wp-content\/uploads\/sites\/30\/2021\/02\/outdoor-image-01.jpg\" alt=\"\" class=\"uag-image-909\" width=\"484\" height=\"302\" title=\"outdoor-image-01\" loading=\"lazy\" role=\"img\"\/><\/figure><\/div>\n\n\n\n<div class=\"wp-block-uagb-info-box uagb-block-4cdd22fa uagb-infobox__content-wrap  uagb-infobox-icon-above-title uagb-infobox-image-valign-top\"><div class=\"uagb-ifb-content\"><div class=\"uagb-ifb-title-wrap\"><h5 class=\"uagb-ifb-title\">Talviurheilu<\/h5><\/div><p class=\"uagb-ifb-desc\">Fuerat aestu carentem habentia spectent tonitrua mutastis locavit liberioris inistra possedit.<\/p><\/div><\/div>\n<\/div>\n<\/div>\n<\/div><\/div>\n\n\n\n<div class=\"wp-block-uagb-container uagb-block-31ec3615 alignfull uagb-is-root-container\"><div class=\"uagb-container-inner-blocks-wrap\">\n<div class=\"wp-block-uagb-container uagb-block-4d7d62ec\">\n<div class=\"wp-block-uagb-advanced-heading uagb-block-e4f4e4f6\"><h3 class=\"uagb-heading-text\">Miksi Outdoor Adventure<\/h3><div class=\"uagb-separator\"><\/div><p class=\"uagb-desc-text\">Lorem ipsum dolor sit amet, consectetur adipiscing elit. Ut elit tellus, luctus nec ullamcorper mattis, pulvinar dapibus leo.<\/p><\/div>\n\n\n\n<div class=\"wp-block-uagb-icon-list uagb-block-76ae1cc7\"><div class=\"uagb-icon-list__wrap\">\n<div class=\"wp-block-uagb-icon-list-child uagb-block-16c3b663\"><a target=\"_self\" aria-label=\"Experience: Locavit liberioris possedit\" rel=\"noopener noreferrer\" href=\"#\"> <\/a><span class=\"uagb-icon-list__source-wrap\"><svg xmlns=\"https:\/\/www.w3.org\/2000\/svg\" viewBox=\"0 0 448 512\"><path d=\"M400 288h-352c-17.69 0-32-14.32-32-32.01s14.31-31.99 32-31.99h352c17.69 0 32 14.3 32 31.99S417.7 288 400 288z\"><\/path><\/svg><\/span><span class=\"uagb-icon-list__label\">Experience: Locavit liberioris possedit<\/span><\/div>\n\n\n\n<div class=\"wp-block-uagb-icon-list-child uagb-block-52c7761b\"><a target=\"_self\" aria-label=\"Reputation: Diremit mundi mare undae\" rel=\"noopener noreferrer\" href=\"#\"> <\/a><span class=\"uagb-icon-list__source-wrap\"><svg xmlns=\"https:\/\/www.w3.org\/2000\/svg\" viewBox=\"0 0 448 512\"><path d=\"M400 288h-352c-17.69 0-32-14.32-32-32.01s14.31-31.99 32-31.99h352c17.69 0 32 14.3 32 31.99S417.7 288 400 288z\"><\/path><\/svg><\/span><span class=\"uagb-icon-list__label\">Reputation: Diremit mundi mare undae<\/span><\/div>\n\n\n\n<div class=\"wp-block-uagb-icon-list-child uagb-block-7cacaa4b\"><span class=\"uagb-icon-list__source-wrap\"><svg xmlns=\"https:\/\/www.w3.org\/2000\/svg\" viewBox=\"0 0 448 512\"><path d=\"M400 288h-352c-17.69 0-32-14.32-32-32.01s14.31-31.99 32-31.99h352c17.69 0 32 14.3 32 31.99S417.7 288 400 288z\"><\/path><\/svg><\/span><span class=\"uagb-icon-list__label\">Guide Experience: Spectent tonitrua mutastis<\/span><\/div>\n<\/div><\/div>\n<\/div>\n\n\n\n<div class=\"wp-block-uagb-container uagb-block-43436432\">\n<div class=\"wp-block-uagb-advanced-heading uagb-block-aba220df\"><h3 class=\"uagb-heading-text\">Mit\u00e4 saat<\/h3><div class=\"uagb-separator\"><\/div><p class=\"uagb-desc-text\">Lorem ipsum dolor sit amet, consectetur adipiscing elit. Ut elit tellus, luctus nec ullamcorper mattis, pulvinar dapibus leo.<\/p><\/div>\n\n\n\n<div class=\"wp-block-uagb-icon-list uagb-block-7d76b67e\"><div class=\"uagb-icon-list__wrap\">\n<div class=\"wp-block-uagb-icon-list-child uagb-block-0e9c4bc9\"><a target=\"_self\" aria-label=\"Private Hike: Locavit liberioris possedit\" rel=\"noopener noreferrer\" href=\"#\"> <\/a><span class=\"uagb-icon-list__source-wrap\"><svg xmlns=\"https:\/\/www.w3.org\/2000\/svg\" viewBox=\"0 0 448 512\"><path d=\"M400 288h-352c-17.69 0-32-14.32-32-32.01s14.31-31.99 32-31.99h352c17.69 0 32 14.3 32 31.99S417.7 288 400 288z\"><\/path><\/svg><\/span><span class=\"uagb-icon-list__label\">Private Hike: Locavit liberioris possedit<\/span><\/div>\n\n\n\n<div class=\"wp-block-uagb-icon-list-child uagb-block-46b5e2dd\"><span class=\"uagb-icon-list__source-wrap\"><svg xmlns=\"https:\/\/www.w3.org\/2000\/svg\" viewBox=\"0 0 448 512\"><path d=\"M400 288h-352c-17.69 0-32-14.32-32-32.01s14.31-31.99 32-31.99h352c17.69 0 32 14.3 32 31.99S417.7 288 400 288z\"><\/path><\/svg><\/span><span class=\"uagb-icon-list__label\">Transportation: Diremit mundi mare undae<\/span><\/div>\n\n\n\n<div class=\"wp-block-uagb-icon-list-child uagb-block-2b84fc25\"><a target=\"_self\" aria-label=\"Great Facilities: Spectent tonitrua mutastis\" rel=\"noopener noreferrer\" href=\"#\"> <\/a><span class=\"uagb-icon-list__source-wrap\"><svg xmlns=\"https:\/\/www.w3.org\/2000\/svg\" viewBox=\"0 0 448 512\"><path d=\"M400 288h-352c-17.69 0-32-14.32-32-32.01s14.31-31.99 32-31.99h352c17.69 0 32 14.3 32 31.99S417.7 288 400 288z\"><\/path><\/svg><\/span><span class=\"uagb-icon-list__label\">Great Facilities: Spectent tonitrua mutastis<\/span><\/div>\n<\/div><\/div>\n<\/div>\n<\/div><\/div>\n","protected":false},"excerpt":{"rendered":"<p>Palvelut Miksi Outdoor Adventure Lorem ipsum dolor sit amet, consectetur adipiscing elit. Ut elit tellus, luctus nec ullamcorper mattis, pulvinar dapibus leo. Mit\u00e4 saat Lorem ipsum dolor sit amet, consectetur adipiscing elit. Ut elit tellus, luctus nec ullamcorper mattis, pulvinar dapibus leo.<\/p>\n","protected":false},"author":1,"featured_media":0,"parent":0,"menu_order":3,"comment_status":"closed","ping_status":"closed","template":"","meta":{"_uag_custom_page_level_css":"","site-sidebar-layout":"no-sidebar","site-content-layout":"plain-container","ast-site-content-layout":"full-width-container","site-content-style":"unboxed","site-sidebar-style":"unboxed","ast-global-header-display":"","ast-banner-title-visibility":"","ast-main-header-display":"","ast-hfb-above-header-display":"","ast-hfb-below-header-display":"","ast-hfb-mobile-header-display":"","site-post-title":"disabled","ast-breadcrumbs-content":"","ast-featured-img":"","footer-sml-layout":"","theme-transparent-header-meta":"enabled","adv-header-id-meta":"","stick-header-meta":"","header-above-stick-meta":"","header-main-stick-meta":"","header-below-stick-meta":"","astra-migrate-meta-layouts":"set","ast-page-background-enabled":"default","ast-page-background-meta":{"desktop":{"background-color":"","background-image":"","background-repeat":"repeat","background-position":"center center","background-size":"auto","background-attachment":"scroll","background-type":"","background-media":"","overlay-type":"","overlay-color":"","overlay-opacity":"","overlay-gradient":""},"tablet":{"background-color":"","background-image":"","background-repeat":"repeat","background-position":"center center","background-size":"auto","background-attachment":"scroll","background-type":"","background-media":"","overlay-type":"","overlay-color":"","overlay-opacity":"","overlay-gradient":""},"mobile":{"background-color":"","background-image":"","background-repeat":"repeat","background-position":"center center","background-size":"auto","background-attachment":"scroll","background-type":"","background-media":"","overlay-type":"","overlay-color":"","overlay-opacity":"","overlay-gradient":""}},"ast-content-background-meta":{"desktop":{"background-color":"var(--ast-global-color-5)","background-image":"","background-repeat":"repeat","background-position":"center center","background-size":"auto","background-attachment":"scroll","background-type":"","background-media":"","overlay-type":"","overlay-color":"","overlay-opacity":"","overlay-gradient":""},"tablet":{"background-color":"var(--ast-global-color-5)","background-image":"","background-repeat":"repeat","background-position":"center center","background-size":"auto","background-attachment":"scroll","background-type":"","background-media":"","overlay-type":"","overlay-color":"","overlay-opacity":"","overlay-gradient":""},"mobile":{"background-color":"var(--ast-global-color-5)","background-image":"","background-repeat":"repeat","background-position":"center center","background-size":"auto","background-attachment":"scroll","background-type":"","background-media":"","overlay-type":"","overlay-color":"","overlay-opacity":"","overlay-gradient":""}},"footnotes":""},"class_list":["post-1188","page","type-page","status-publish","hentry"],"uagb_featured_image_src":{"full":false,"thumbnail":false,"medium":false,"medium_large":false,"large":false,"1536x1536":false,"2048x2048":false},"uagb_author_info":{"display_name":"Jack Hamster","author_link":"https:\/\/demo.your-quick.site\/outdoor-adventure-02-multilanguage\/author\/jack-hamster\/"},"uagb_comment_info":0,"uagb_excerpt":"Palvelut Miksi Outdoor Adventure Lorem ipsum dolor sit amet, consectetur adipiscing elit. Ut elit tellus, luctus nec ullamcorper mattis, pulvinar dapibus leo. Mit\u00e4 saat Lorem ipsum dolor sit amet, consectetur adipiscing elit. Ut elit tellus, luctus nec ullamcorper mattis, pulvinar dapibus leo.","_links":{"self":[{"href":"https:\/\/demo.your-quick.site\/outdoor-adventure-02-multilanguage\/wp-json\/wp\/v2\/pages\/1188","targetHints":{"allow":["GET"]}}],"collection":[{"href":"https:\/\/demo.your-quick.site\/outdoor-adventure-02-multilanguage\/wp-json\/wp\/v2\/pages"}],"about":[{"href":"https:\/\/demo.your-quick.site\/outdoor-adventure-02-multilanguage\/wp-json\/wp\/v2\/types\/page"}],"author":[{"embeddable":true,"href":"https:\/\/demo.your-quick.site\/outdoor-adventure-02-multilanguage\/wp-json\/wp\/v2\/users\/1"}],"replies":[{"embeddable":true,"href":"https:\/\/demo.your-quick.site\/outdoor-adventure-02-multilanguage\/wp-json\/wp\/v2\/comments?post=1188"}],"version-history":[{"count":2,"href":"https:\/\/demo.your-quick.site\/outdoor-adventure-02-multilanguage\/wp-json\/wp\/v2\/pages\/1188\/revisions"}],"predecessor-version":[{"id":1192,"href":"https:\/\/demo.your-quick.site\/outdoor-adventure-02-multilanguage\/wp-json\/wp\/v2\/pages\/1188\/revisions\/1192"}],"wp:attachment":[{"href":"https:\/\/demo.your-quick.site\/outdoor-adventure-02-multilanguage\/wp-json\/wp\/v2\/media?parent=1188"}],"curies":[{"name":"wp","href":"https:\/\/api.w.org\/{rel}","templated":true}]}}