{"id":1836,"date":"2022-10-17T07:03:13","date_gmt":"2022-10-17T07:03:13","guid":{"rendered":"https:\/\/demo.your-quick.site\/planet-earth-02-multilanguage\/?page_id=1836"},"modified":"2025-01-29T21:54:20","modified_gmt":"2025-01-29T18:54:20","slug":"hem","status":"publish","type":"page","link":"https:\/\/demo.your-quick.site\/planet-earth-02-multilanguage\/sv\/hem\/","title":{"rendered":"Hem"},"content":{"rendered":"\n<div class=\"wp-block-uagb-container uagb-block-344bf4c5 alignfull uagb-is-root-container\"><div class=\"uagb-container-inner-blocks-wrap\">\n<div class=\"wp-block-uagb-info-box uagb-block-c5e26958 uagb-infobox__content-wrap  uagb-infobox-icon-above-title uagb-infobox-image-valign-top wp-block-uagb-info-box--has-margin\"><div class=\"uagb-infobox-margin-wrapper\"><div class=\"uagb-ifb-content\"><div class=\"uagb-ifb-title-wrap\"><h1 class=\"uagb-ifb-title-prefix\">Jorden<\/h1><h2 class=\"uagb-ifb-title\">O\u00c4NDLIG POTENTIAL<\/h2><\/div><div class=\"uagb-ifb-button-wrapper wp-block-button\"><a href=\"#\" class=\"uagb-infobox-cta-link wp-block-button__link\" target=\"_self\" rel=\"noopener noreferrer\" onclick=\"return false;\"><span class=\"uagb-inline-editing\">UTFORSKA<\/span><\/a><\/div><\/div><\/div><\/div>\n<\/div><\/div>\n\n\n\n<div class=\"wp-block-uagb-container uagb-layout-grid uagb-block-40e14df1 alignfull uagb-is-root-container\"><div class=\"uagb-container-inner-blocks-wrap\">\n<div class=\"wp-block-uagb-info-box uagb-block-bfde9e54 uagb-infobox__content-wrap  uagb-infobox-icon-above-title uagb-infobox-image-valign-top\"><div class=\"uagb-ifb-content\"><div class=\"uagb-ifb-image-content\"><img decoding=\"async\" src=\"https:\/\/demo.your-quick.site\/planet-earth-02-multilanguage\/wp-content\/uploads\/sites\/38\/2022\/10\/Service-1-min-1.jpg\" alt=\"\" width=\"100\" height=\"122\" loading=\"lazy\"\/><\/div><div class=\"uagb-ifb-title-wrap\"><h4 class=\"uagb-ifb-title\">Webbdesign<\/h4><\/div><p class=\"uagb-ifb-desc\">Anpassad webbdesign f\u00f6r sm\u00e5f\u00f6retag, vi hj\u00e4lper dig att f\u00e5nga nya m\u00e5lgrupper och \u00f6ka din f\u00f6rs\u00e4ljning.<\/p><\/div><\/div>\n\n\n\n<div class=\"wp-block-uagb-info-box uagb-block-304b7ae9 uagb-infobox__content-wrap  uagb-infobox-icon-above-title uagb-infobox-image-valign-top\"><div class=\"uagb-ifb-content\"><div class=\"uagb-ifb-image-content\"><img decoding=\"async\" src=\"https:\/\/demo.your-quick.site\/planet-earth-02-multilanguage\/wp-content\/uploads\/sites\/38\/2022\/10\/Service-2-min.jpg\" alt=\"\" width=\"100\" height=\"122\" loading=\"lazy\"\/><\/div><div class=\"uagb-ifb-title-wrap\"><h4 class=\"uagb-ifb-title\">Grafisk design<\/h4><\/div><p class=\"uagb-ifb-desc\">Logotyper, merchandise och mycket annat. Vem som helst kan skapa snygg grafik. Vi tycker att det \u00e4r b\u00e4ttre att skapa minnesv\u00e4rda s\u00e5dana.<\/p><\/div><\/div>\n\n\n\n<div class=\"wp-block-uagb-info-box uagb-block-4f9d2b4e uagb-infobox__content-wrap  uagb-infobox-icon-above-title uagb-infobox-image-valign-top\"><div class=\"uagb-ifb-content\"><div class=\"uagb-ifb-image-content\"><img decoding=\"async\" src=\"https:\/\/demo.your-quick.site\/planet-earth-02-multilanguage\/wp-content\/uploads\/sites\/38\/2022\/10\/Service-3-min.jpg\" alt=\"\" width=\"100\" height=\"122\" loading=\"lazy\"\/><\/div><div class=\"uagb-ifb-title-wrap\"><h4 class=\"uagb-ifb-title\">Skapande av inneh\u00e5ll<\/h4><\/div><p class=\"uagb-ifb-desc\">Vill du locka m\u00e4nniskor till din webbplats? D\u00e5 m\u00e5ste du ha det b\u00e4sta inneh\u00e5llet i v\u00e4rlden. Det \u00e4r vad vi g\u00f6r.<\/p><\/div><\/div>\n<\/div><\/div>\n\n\n\n<div class=\"wp-block-uagb-container uagb-block-c93ddd66 alignfull uagb-is-root-container\"><div class=\"uagb-container-inner-blocks-wrap\">\n<div class=\"wp-block-uagb-info-box uagb-block-8b5fbd53 uagb-infobox__content-wrap  uagb-infobox-icon-above-title uagb-infobox-image-valign-top\"><div class=\"uagb-ifb-content\"><div class=\"uagb-ifb-title-wrap\"><h2 class=\"uagb-ifb-title\">OM OSS<\/h2><\/div><p class=\"uagb-ifb-desc\">Jag gjorde det s\u00e5 att det \u00e4r superl\u00e4tt att uppdatera och s\u00e5 att det flyter perfekt med mina tutorials. Mycket k\u00e4rlek och hundratals timmar gick \u00e5t f\u00f6r att g\u00f6ra det. Jag hoppas att du \u00e4lskar det lika mycket som jag g\u00f6r. Jag \u00f6nskar dig lycka till med ditt f\u00f6retag, njut av \u00e4ventyret.<\/p><\/div><\/div>\n\n\n\n<div class=\"wp-block-uagb-image uagb-block-0d4b1541 wp-block-uagb-image--layout-default wp-block-uagb-image--effect-static wp-block-uagb-image--align-none\"><figure class=\"wp-block-uagb-image__figure\"><img decoding=\"async\" srcset=\"https:\/\/demo.your-quick.site\/planet-earth-02-multilanguage\/wp-content\/uploads\/sites\/38\/2022\/10\/Our-Mission-min.jpg ,https:\/\/demo.your-quick.site\/planet-earth-02-multilanguage\/wp-content\/uploads\/sites\/38\/2022\/10\/Our-Mission-min.jpg 780w, https:\/\/demo.your-quick.site\/planet-earth-02-multilanguage\/wp-content\/uploads\/sites\/38\/2022\/10\/Our-Mission-min.jpg 360w\" sizes=\"auto, (max-width: 480px) 150px\" src=\"https:\/\/demo.your-quick.site\/planet-earth-02-multilanguage\/wp-content\/uploads\/sites\/38\/2022\/10\/Our-Mission-min.jpg\" alt=\"\" class=\"uag-image-165\" width=\"530\" height=\"395\" title=\"\" loading=\"lazy\" role=\"img\"\/><\/figure><\/div>\n<\/div><\/div>\n\n\n\n<div class=\"wp-block-uagb-container uagb-block-3910331a alignfull uagb-is-root-container\"><div class=\"uagb-container-inner-blocks-wrap\">\n<div class=\"wp-block-uagb-call-to-action uagb-block-a7e0f6aa wp-block-button\"><div class=\"uagb-cta__wrap\"><h2 class=\"uagb-cta__title\">PRATA MED OSS<\/h2><p class=\"uagb-cta__desc\">Har du n\u00e5gra fr\u00e5gor? Vi \u00e4r alltid \u00f6ppna f\u00f6r att prata om ditt f\u00f6retag, nya projekt, kreativa m\u00f6jligheter och hur vi kan hj\u00e4lpa dig.<\/p><\/div><div class=\"uagb-cta__buttons\"><a href=\"#\" class=\"uagb-cta__button-link-wrapper wp-block-button__link\" target=\"_self\" rel=\"noopener noreferrer\">KOM I KONTAKT MED OSS<\/a><\/div><\/div>\n<\/div><\/div>\n","protected":false},"excerpt":{"rendered":"","protected":false},"author":1,"featured_media":0,"parent":0,"menu_order":1,"comment_status":"closed","ping_status":"closed","template":"","meta":{"_uag_custom_page_level_css":"","site-sidebar-layout":"default","site-content-layout":"page-builder","ast-site-content-layout":"full-width-container","site-content-style":"unboxed","site-sidebar-style":"unboxed","ast-global-header-display":"","ast-banner-title-visibility":"","ast-main-header-display":"","ast-hfb-above-header-display":"","ast-hfb-below-header-display":"","ast-hfb-mobile-header-display":"","site-post-title":"disabled","ast-breadcrumbs-content":"","ast-featured-img":"","footer-sml-layout":"","theme-transparent-header-meta":"enabled","adv-header-id-meta":"","stick-header-meta":"","header-above-stick-meta":"","header-main-stick-meta":"","header-below-stick-meta":"","astra-migrate-meta-layouts":"set","ast-page-background-enabled":"default","ast-page-background-meta":{"desktop":{"background-color":"var(--ast-global-color-4)","background-image":"","background-repeat":"repeat","background-position":"center center","background-size":"auto","background-attachment":"scroll","background-type":"","background-media":"","overlay-type":"","overlay-color":"","overlay-opacity":"","overlay-gradient":""},"tablet":{"background-color":"","background-image":"","background-repeat":"repeat","background-position":"center center","background-size":"auto","background-attachment":"scroll","background-type":"","background-media":"","overlay-type":"","overlay-color":"","overlay-opacity":"","overlay-gradient":""},"mobile":{"background-color":"","background-image":"","background-repeat":"repeat","background-position":"center center","background-size":"auto","background-attachment":"scroll","background-type":"","background-media":"","overlay-type":"","overlay-color":"","overlay-opacity":"","overlay-gradient":""}},"ast-content-background-meta":{"desktop":{"background-color":"var(--ast-global-color-5)","background-image":"","background-repeat":"repeat","background-position":"center center","background-size":"auto","background-attachment":"scroll","background-type":"","background-media":"","overlay-type":"","overlay-color":"","overlay-opacity":"","overlay-gradient":""},"tablet":{"background-color":"var(--ast-global-color-5)","background-image":"","background-repeat":"repeat","background-position":"center center","background-size":"auto","background-attachment":"scroll","background-type":"","background-media":"","overlay-type":"","overlay-color":"","overlay-opacity":"","overlay-gradient":""},"mobile":{"background-color":"var(--ast-global-color-5)","background-image":"","background-repeat":"repeat","background-position":"center center","background-size":"auto","background-attachment":"scroll","background-type":"","background-media":"","overlay-type":"","overlay-color":"","overlay-opacity":"","overlay-gradient":""}},"footnotes":""},"class_list":["post-1836","page","type-page","status-publish","hentry"],"uagb_featured_image_src":{"full":false,"thumbnail":false,"medium":false,"medium_large":false,"large":false,"1536x1536":false,"2048x2048":false},"uagb_author_info":{"display_name":"Jack Hamster","author_link":"https:\/\/demo.your-quick.site\/planet-earth-02-multilanguage\/author\/jack-hamster\/"},"uagb_comment_info":0,"uagb_excerpt":null,"_links":{"self":[{"href":"https:\/\/demo.your-quick.site\/planet-earth-02-multilanguage\/wp-json\/wp\/v2\/pages\/1836","targetHints":{"allow":["GET"]}}],"collection":[{"href":"https:\/\/demo.your-quick.site\/planet-earth-02-multilanguage\/wp-json\/wp\/v2\/pages"}],"about":[{"href":"https:\/\/demo.your-quick.site\/planet-earth-02-multilanguage\/wp-json\/wp\/v2\/types\/page"}],"author":[{"embeddable":true,"href":"https:\/\/demo.your-quick.site\/planet-earth-02-multilanguage\/wp-json\/wp\/v2\/users\/1"}],"replies":[{"embeddable":true,"href":"https:\/\/demo.your-quick.site\/planet-earth-02-multilanguage\/wp-json\/wp\/v2\/comments?post=1836"}],"version-history":[{"count":2,"href":"https:\/\/demo.your-quick.site\/planet-earth-02-multilanguage\/wp-json\/wp\/v2\/pages\/1836\/revisions"}],"predecessor-version":[{"id":1840,"href":"https:\/\/demo.your-quick.site\/planet-earth-02-multilanguage\/wp-json\/wp\/v2\/pages\/1836\/revisions\/1840"}],"wp:attachment":[{"href":"https:\/\/demo.your-quick.site\/planet-earth-02-multilanguage\/wp-json\/wp\/v2\/media?parent=1836"}],"curies":[{"name":"wp","href":"https:\/\/api.w.org\/{rel}","templated":true}]}}