{"id":1846,"date":"2022-10-17T07:03:13","date_gmt":"2022-10-17T07:03:13","guid":{"rendered":"https:\/\/demo.your-quick.site\/planet-earth-02-multilanguage\/?page_id=1846"},"modified":"2025-01-29T22:02:49","modified_gmt":"2025-01-29T19:02:49","slug":"tjanster","status":"publish","type":"page","link":"https:\/\/demo.your-quick.site\/planet-earth-02-multilanguage\/sv\/tjanster\/","title":{"rendered":"Tj\u00e4nster"},"content":{"rendered":"\n<div class=\"wp-block-uagb-container uagb-block-8de9c239 alignfull uagb-is-root-container\"><div class=\"uagb-container-inner-blocks-wrap\">\n<div class=\"wp-block-uagb-advanced-heading uagb-block-99148d6e\"><h1 class=\"uagb-heading-text\">Tj\u00e4nster<\/h1><\/div>\n<\/div><\/div>\n\n\n\n<div class=\"wp-block-uagb-container uagb-block-4643390f alignfull uagb-is-root-container\"><div class=\"uagb-container-inner-blocks-wrap\">\n<div class=\"wp-block-uagb-info-box uagb-block-618fe07e uagb-infobox__content-wrap  uagb-infobox-icon-above-title uagb-infobox-image-valign-top\"><div class=\"uagb-ifb-content\"><div class=\"uagb-ifb-title-wrap\"><h3 class=\"uagb-ifb-title\">Webbdesign<\/h3><\/div><p class=\"uagb-ifb-desc\">Vi skapar anpassad webbdesign f\u00f6r sm\u00e5f\u00f6retag, detta hj\u00e4lper dig att f\u00e5nga nya m\u00e5lgrupper och \u00f6ka din f\u00f6rs\u00e4ljning. Kontakta oss genom att ringa, maila eller fylla i v\u00e5rt formul\u00e4r. Du kommer att f\u00e5 en gratis offert via e-post inom 24 timmar.<\/p><div class=\"uagb-ifb-button-wrapper wp-block-button\"><a href=\"#\" class=\"uagb-infobox-cta-link wp-block-button__link\" target=\"_self\" rel=\"noopener noreferrer\" onclick=\"return false;\"><span class=\"uagb-inline-editing\">UTFORSKA<\/span><\/a><\/div><\/div><\/div>\n\n\n\n<div class=\"wp-block-uagb-image uagb-block-f1c26274 wp-block-uagb-image--layout-default wp-block-uagb-image--effect-static wp-block-uagb-image--align-none\"><figure class=\"wp-block-uagb-image__figure\"><img decoding=\"async\" srcset=\"https:\/\/websitedemos.net\/earth-08\/wp-content\/uploads\/sites\/1130\/2022\/10\/Web-Design-1024x811.jpg ,https:\/\/websitedemos.net\/earth-08\/wp-content\/uploads\/sites\/1130\/2022\/10\/Web-Design-1024x811.jpg 780w, https:\/\/websitedemos.net\/earth-08\/wp-content\/uploads\/sites\/1130\/2022\/10\/Graphic-Design-1024x806.jpg 360w\" sizes=\"auto, (max-width: 480px) 150px\" src=\"https:\/\/websitedemos.net\/earth-08\/wp-content\/uploads\/sites\/1130\/2022\/10\/Web-Design-1024x811.jpg\" alt=\"\" class=\"uag-image-229\" width=\"550\" height=\"435\" title=\"\" loading=\"lazy\" role=\"img\"\/><\/figure><\/div>\n<\/div><\/div>\n\n\n\n<div class=\"wp-block-uagb-container uagb-block-c4c57e58 alignfull uagb-is-root-container\"><div class=\"uagb-container-inner-blocks-wrap\">\n<div class=\"wp-block-uagb-image uagb-block-55d26514 wp-block-uagb-image--layout-default wp-block-uagb-image--effect-static wp-block-uagb-image--align-none\"><figure class=\"wp-block-uagb-image__figure\"><img decoding=\"async\" srcset=\"https:\/\/websitedemos.net\/earth-08\/wp-content\/uploads\/sites\/1130\/2022\/10\/Graphic-Design-1024x806.jpg ,https:\/\/websitedemos.net\/earth-08\/wp-content\/uploads\/sites\/1130\/2022\/10\/Graphic-Design-1024x806.jpg 780w\" sizes=\"auto, (max-width: 480px) 150px\" src=\"https:\/\/websitedemos.net\/earth-08\/wp-content\/uploads\/sites\/1130\/2022\/10\/Graphic-Design-1024x806.jpg\" alt=\"\" class=\"uag-image-249\" width=\"550\" height=\"435\" title=\"\" loading=\"lazy\" role=\"img\"\/><\/figure><\/div>\n\n\n\n<div class=\"wp-block-uagb-info-box uagb-block-b76e4e8d uagb-infobox__content-wrap  uagb-infobox-icon-above-title uagb-infobox-image-valign-top\"><div class=\"uagb-ifb-content\"><div class=\"uagb-ifb-title-wrap\"><h3 class=\"uagb-ifb-title\">Grafisk design<\/h3><\/div><p class=\"uagb-ifb-desc\">Vi \u00e4r specialiserade p\u00e5 logotyper, varor och mycket mer. Vem som helst kan skapa snygg grafik, men det \u00e4r mycket b\u00e4ttre att skapa minnesv\u00e4rda s\u00e5dana. Kontakta oss genom att ringa, mejla eller fylla i v\u00e5rt formul\u00e4r. Du kommer att f\u00e5 en gratis offert via e-post inom 24 timmar.<\/p><div class=\"uagb-ifb-button-wrapper wp-block-button\"><a href=\"#\" class=\"uagb-infobox-cta-link wp-block-button__link\" target=\"_self\" rel=\"noopener noreferrer\" onclick=\"return false;\"><span class=\"uagb-inline-editing\">UTFORSKA<\/span><\/a><\/div><\/div><\/div>\n<\/div><\/div>\n\n\n\n<div class=\"wp-block-uagb-container uagb-block-ba229c41 alignfull uagb-is-root-container\"><div class=\"uagb-container-inner-blocks-wrap\">\n<div class=\"wp-block-uagb-info-box uagb-block-d99c4fc3 uagb-infobox__content-wrap  uagb-infobox-icon-above-title uagb-infobox-image-valign-top\"><div class=\"uagb-ifb-content\"><div class=\"uagb-ifb-title-wrap\"><h3 class=\"uagb-ifb-title\">Skriva inneh\u00e5ll<\/h3><\/div><p class=\"uagb-ifb-desc\">Vill du locka m\u00e4nniskor till din webbplats? Du m\u00e5ste ha det b\u00e4sta inneh\u00e5llet i v\u00e4rlden. V\u00e5ra inneh\u00e5llsskribenter kommer att skapa prisbel\u00f6nt inneh\u00e5ll \u00e5t dig. Kontakta oss genom att ringa, mejla eller fylla i v\u00e5rt formul\u00e4r. Du kommer att f\u00e5 en gratis offert via e-post inom 24 timmar.<\/p><div class=\"uagb-ifb-button-wrapper wp-block-button\"><a href=\"#\" class=\"uagb-infobox-cta-link wp-block-button__link\" target=\"_self\" rel=\"noopener noreferrer\" onclick=\"return false;\"><span class=\"uagb-inline-editing\">UTFORSKA<\/span><\/a><\/div><\/div><\/div>\n\n\n\n<div class=\"wp-block-uagb-image uagb-block-0c7ec733 wp-block-uagb-image--layout-default wp-block-uagb-image--effect-static wp-block-uagb-image--align-none\"><figure class=\"wp-block-uagb-image__figure\"><img decoding=\"async\" srcset=\"https:\/\/websitedemos.net\/earth-08\/wp-content\/uploads\/sites\/1130\/2022\/10\/Content-Writing-1024x811.jpg ,https:\/\/websitedemos.net\/earth-08\/wp-content\/uploads\/sites\/1130\/2022\/10\/Content-Writing-1024x811.jpg 780w, https:\/\/websitedemos.net\/earth-08\/wp-content\/uploads\/sites\/1130\/2022\/10\/Content-Writing-1024x811.jpg 360w\" sizes=\"auto, (max-width: 480px) 150px\" src=\"https:\/\/websitedemos.net\/earth-08\/wp-content\/uploads\/sites\/1130\/2022\/10\/Content-Writing-1024x811.jpg\" alt=\"\" class=\"uag-image-417\" width=\"550\" height=\"436\" title=\"Content-Writing\" loading=\"lazy\" role=\"img\"\/><\/figure><\/div>\n<\/div><\/div>\n\n\n\n<div class=\"wp-block-uagb-container uagb-block-c6306452 alignfull uagb-is-root-container\"><div class=\"uagb-container-inner-blocks-wrap\">\n<div class=\"wp-block-uagb-call-to-action uagb-block-f5c2c5f3 wp-block-button\"><div class=\"uagb-cta__wrap\"><h2 class=\"uagb-cta__title\">PRATA MED OSS<\/h2><p class=\"uagb-cta__desc\">Har du n\u00e5gra fr\u00e5gor? Vi \u00e4r alltid \u00f6ppna f\u00f6r att prata om ditt f\u00f6retag, nya projekt, kreativa m\u00f6jligheter och hur vi kan hj\u00e4lpa dig.<\/p><\/div><div class=\"uagb-cta__buttons\"><a href=\"#\" class=\"uagb-cta__button-link-wrapper wp-block-button__link\" target=\"_self\" rel=\"noopener noreferrer\">KOM I KONTAKT MED OSS<\/a><\/div><\/div>\n<\/div><\/div>\n","protected":false},"excerpt":{"rendered":"<p>Tj\u00e4nster<\/p>\n","protected":false},"author":1,"featured_media":0,"parent":0,"menu_order":3,"comment_status":"closed","ping_status":"closed","template":"","meta":{"_uag_custom_page_level_css":"","site-sidebar-layout":"default","site-content-layout":"","ast-site-content-layout":"default","site-content-style":"default","site-sidebar-style":"default","ast-global-header-display":"","ast-banner-title-visibility":"","ast-main-header-display":"","ast-hfb-above-header-display":"","ast-hfb-below-header-display":"","ast-hfb-mobile-header-display":"","site-post-title":"disabled","ast-breadcrumbs-content":"","ast-featured-img":"","footer-sml-layout":"","theme-transparent-header-meta":"enabled","adv-header-id-meta":"","stick-header-meta":"","header-above-stick-meta":"","header-main-stick-meta":"","header-below-stick-meta":"","astra-migrate-meta-layouts":"set","ast-page-background-enabled":"default","ast-page-background-meta":{"desktop":{"background-color":"var(--ast-global-color-4)","background-image":"","background-repeat":"repeat","background-position":"center center","background-size":"auto","background-attachment":"scroll","background-type":"","background-media":"","overlay-type":"","overlay-color":"","overlay-opacity":"","overlay-gradient":""},"tablet":{"background-color":"","background-image":"","background-repeat":"repeat","background-position":"center center","background-size":"auto","background-attachment":"scroll","background-type":"","background-media":"","overlay-type":"","overlay-color":"","overlay-opacity":"","overlay-gradient":""},"mobile":{"background-color":"","background-image":"","background-repeat":"repeat","background-position":"center center","background-size":"auto","background-attachment":"scroll","background-type":"","background-media":"","overlay-type":"","overlay-color":"","overlay-opacity":"","overlay-gradient":""}},"ast-content-background-meta":{"desktop":{"background-color":"var(--ast-global-color-5)","background-image":"","background-repeat":"repeat","background-position":"center center","background-size":"auto","background-attachment":"scroll","background-type":"","background-media":"","overlay-type":"","overlay-color":"","overlay-opacity":"","overlay-gradient":""},"tablet":{"background-color":"var(--ast-global-color-5)","background-image":"","background-repeat":"repeat","background-position":"center center","background-size":"auto","background-attachment":"scroll","background-type":"","background-media":"","overlay-type":"","overlay-color":"","overlay-opacity":"","overlay-gradient":""},"mobile":{"background-color":"var(--ast-global-color-5)","background-image":"","background-repeat":"repeat","background-position":"center center","background-size":"auto","background-attachment":"scroll","background-type":"","background-media":"","overlay-type":"","overlay-color":"","overlay-opacity":"","overlay-gradient":""}},"footnotes":""},"class_list":["post-1846","page","type-page","status-publish","hentry"],"uagb_featured_image_src":{"full":false,"thumbnail":false,"medium":false,"medium_large":false,"large":false,"1536x1536":false,"2048x2048":false},"uagb_author_info":{"display_name":"Jack Hamster","author_link":"https:\/\/demo.your-quick.site\/planet-earth-02-multilanguage\/author\/jack-hamster\/"},"uagb_comment_info":0,"uagb_excerpt":"Tj\u00e4nster","_links":{"self":[{"href":"https:\/\/demo.your-quick.site\/planet-earth-02-multilanguage\/wp-json\/wp\/v2\/pages\/1846","targetHints":{"allow":["GET"]}}],"collection":[{"href":"https:\/\/demo.your-quick.site\/planet-earth-02-multilanguage\/wp-json\/wp\/v2\/pages"}],"about":[{"href":"https:\/\/demo.your-quick.site\/planet-earth-02-multilanguage\/wp-json\/wp\/v2\/types\/page"}],"author":[{"embeddable":true,"href":"https:\/\/demo.your-quick.site\/planet-earth-02-multilanguage\/wp-json\/wp\/v2\/users\/1"}],"replies":[{"embeddable":true,"href":"https:\/\/demo.your-quick.site\/planet-earth-02-multilanguage\/wp-json\/wp\/v2\/comments?post=1846"}],"version-history":[{"count":2,"href":"https:\/\/demo.your-quick.site\/planet-earth-02-multilanguage\/wp-json\/wp\/v2\/pages\/1846\/revisions"}],"predecessor-version":[{"id":1853,"href":"https:\/\/demo.your-quick.site\/planet-earth-02-multilanguage\/wp-json\/wp\/v2\/pages\/1846\/revisions\/1853"}],"wp:attachment":[{"href":"https:\/\/demo.your-quick.site\/planet-earth-02-multilanguage\/wp-json\/wp\/v2\/media?parent=1846"}],"curies":[{"name":"wp","href":"https:\/\/api.w.org\/{rel}","templated":true}]}}