{"id":1871,"date":"2022-10-17T07:03:13","date_gmt":"2022-10-17T07:03:13","guid":{"rendered":"https:\/\/demo.your-quick.site\/planet-earth-02-multilanguage\/?page_id=1871"},"modified":"2025-01-29T22:20:16","modified_gmt":"2025-01-29T19:20:16","slug":"uslugi","status":"publish","type":"page","link":"https:\/\/demo.your-quick.site\/planet-earth-02-multilanguage\/pl\/uslugi\/","title":{"rendered":"Us\u0142ugi"},"content":{"rendered":"\n<div class=\"wp-block-uagb-container uagb-block-8de9c239 alignfull uagb-is-root-container\"><div class=\"uagb-container-inner-blocks-wrap\">\n<div class=\"wp-block-uagb-advanced-heading uagb-block-99148d6e\"><h1 class=\"uagb-heading-text\">Us\u0142ugi<\/h1><\/div>\n<\/div><\/div>\n\n\n\n<div class=\"wp-block-uagb-container uagb-block-4643390f alignfull uagb-is-root-container\"><div class=\"uagb-container-inner-blocks-wrap\">\n<div class=\"wp-block-uagb-info-box uagb-block-618fe07e uagb-infobox__content-wrap  uagb-infobox-icon-above-title uagb-infobox-image-valign-top\"><div class=\"uagb-ifb-content\"><div class=\"uagb-ifb-title-wrap\"><h3 class=\"uagb-ifb-title\">Projektowanie stron www<\/h3><\/div><p class=\"uagb-ifb-desc\">Tworzymy niestandardowe projekty stron internetowych dla ma\u0142ych firm, kt\u00f3re pomog\u0105 Ci zdoby\u0107 nowych odbiorc\u00f3w i zwi\u0119kszy\u0107 sprzeda\u017c. Skontaktuj si\u0119 z nami dzwoni\u0105c, wysy\u0142aj\u0105c e-mail lub wype\u0142niaj\u0105c nasz formularz. Bezp\u0142atn\u0105 wycen\u0119 otrzymasz e-mailem w ci\u0105gu 24 godzin.<\/p><div class=\"uagb-ifb-button-wrapper wp-block-button\"><a href=\"#\" class=\"uagb-infobox-cta-link wp-block-button__link\" target=\"_self\" rel=\"noopener noreferrer\" onclick=\"return false;\"><span class=\"uagb-inline-editing\">EXPLORE<\/span><\/a><\/div><\/div><\/div>\n\n\n\n<div class=\"wp-block-uagb-image uagb-block-f1c26274 wp-block-uagb-image--layout-default wp-block-uagb-image--effect-static wp-block-uagb-image--align-none\"><figure class=\"wp-block-uagb-image__figure\"><img decoding=\"async\" srcset=\"https:\/\/websitedemos.net\/earth-08\/wp-content\/uploads\/sites\/1130\/2022\/10\/Web-Design-1024x811.jpg ,https:\/\/websitedemos.net\/earth-08\/wp-content\/uploads\/sites\/1130\/2022\/10\/Web-Design-1024x811.jpg 780w, https:\/\/websitedemos.net\/earth-08\/wp-content\/uploads\/sites\/1130\/2022\/10\/Graphic-Design-1024x806.jpg 360w\" sizes=\"auto, (max-width: 480px) 150px\" src=\"https:\/\/websitedemos.net\/earth-08\/wp-content\/uploads\/sites\/1130\/2022\/10\/Web-Design-1024x811.jpg\" alt=\"\" class=\"uag-image-229\" width=\"550\" height=\"435\" title=\"\" loading=\"lazy\" role=\"img\"\/><\/figure><\/div>\n<\/div><\/div>\n\n\n\n<div class=\"wp-block-uagb-container uagb-block-c4c57e58 alignfull uagb-is-root-container\"><div class=\"uagb-container-inner-blocks-wrap\">\n<div class=\"wp-block-uagb-image uagb-block-55d26514 wp-block-uagb-image--layout-default wp-block-uagb-image--effect-static wp-block-uagb-image--align-none\"><figure class=\"wp-block-uagb-image__figure\"><img decoding=\"async\" srcset=\"https:\/\/websitedemos.net\/earth-08\/wp-content\/uploads\/sites\/1130\/2022\/10\/Graphic-Design-1024x806.jpg ,https:\/\/websitedemos.net\/earth-08\/wp-content\/uploads\/sites\/1130\/2022\/10\/Graphic-Design-1024x806.jpg 780w\" sizes=\"auto, (max-width: 480px) 150px\" src=\"https:\/\/websitedemos.net\/earth-08\/wp-content\/uploads\/sites\/1130\/2022\/10\/Graphic-Design-1024x806.jpg\" alt=\"\" class=\"uag-image-249\" width=\"550\" height=\"435\" title=\"\" loading=\"lazy\" role=\"img\"\/><\/figure><\/div>\n\n\n\n<div class=\"wp-block-uagb-info-box uagb-block-b76e4e8d uagb-infobox__content-wrap  uagb-infobox-icon-above-title uagb-infobox-image-valign-top\"><div class=\"uagb-ifb-content\"><div class=\"uagb-ifb-title-wrap\"><h3 class=\"uagb-ifb-title\">Projekt graficzny<\/h3><\/div><p class=\"uagb-ifb-desc\">Specjalizujemy si\u0119 w logo, gad\u017cetach i nie tylko. Ka\u017cdy mo\u017ce stworzy\u0107 \u0142adn\u0105 grafik\u0119, ale o wiele lepiej jest tworzy\u0107 te, kt\u00f3re zapadaj\u0105 w pami\u0119\u0107. Skontaktuj si\u0119 z nami dzwoni\u0105c, wysy\u0142aj\u0105c e-mail lub wype\u0142niaj\u0105c nasz formularz. Bezp\u0142atn\u0105 wycen\u0119 otrzymasz poczt\u0105 elektroniczn\u0105 w ci\u0105gu 24 godzin.<\/p><div class=\"uagb-ifb-button-wrapper wp-block-button\"><a href=\"#\" class=\"uagb-infobox-cta-link wp-block-button__link\" target=\"_self\" rel=\"noopener noreferrer\" onclick=\"return false;\"><span class=\"uagb-inline-editing\">EXPLORE<\/span><\/a><\/div><\/div><\/div>\n<\/div><\/div>\n\n\n\n<div class=\"wp-block-uagb-container uagb-block-ba229c41 alignfull uagb-is-root-container\"><div class=\"uagb-container-inner-blocks-wrap\">\n<div class=\"wp-block-uagb-info-box uagb-block-d99c4fc3 uagb-infobox__content-wrap  uagb-infobox-icon-above-title uagb-infobox-image-valign-top\"><div class=\"uagb-ifb-content\"><div class=\"uagb-ifb-title-wrap\"><h3 class=\"uagb-ifb-title\">Pisanie tre\u015bci<\/h3><\/div><p class=\"uagb-ifb-desc\">Chcesz przyci\u0105gn\u0105\u0107 ludzi do swojej witryny? Musisz mie\u0107 najlepsze tre\u015bci na \u015bwiecie. Nasi autorzy tre\u015bci stworz\u0105 dla Ciebie nagradzane tre\u015bci. Skontaktuj si\u0119 z nami dzwoni\u0105c, wysy\u0142aj\u0105c e-mail lub wype\u0142niaj\u0105c nasz formularz. Bezp\u0142atn\u0105 wycen\u0119 otrzymasz e-mailem w ci\u0105gu 24 godzin.<\/p><div class=\"uagb-ifb-button-wrapper wp-block-button\"><a href=\"#\" class=\"uagb-infobox-cta-link wp-block-button__link\" target=\"_self\" rel=\"noopener noreferrer\" onclick=\"return false;\"><span class=\"uagb-inline-editing\">EXPLORE<\/span><\/a><\/div><\/div><\/div>\n\n\n\n<div class=\"wp-block-uagb-image uagb-block-0c7ec733 wp-block-uagb-image--layout-default wp-block-uagb-image--effect-static wp-block-uagb-image--align-none\"><figure class=\"wp-block-uagb-image__figure\"><img decoding=\"async\" srcset=\"https:\/\/websitedemos.net\/earth-08\/wp-content\/uploads\/sites\/1130\/2022\/10\/Content-Writing-1024x811.jpg ,https:\/\/websitedemos.net\/earth-08\/wp-content\/uploads\/sites\/1130\/2022\/10\/Content-Writing-1024x811.jpg 780w, https:\/\/websitedemos.net\/earth-08\/wp-content\/uploads\/sites\/1130\/2022\/10\/Content-Writing-1024x811.jpg 360w\" sizes=\"auto, (max-width: 480px) 150px\" src=\"https:\/\/websitedemos.net\/earth-08\/wp-content\/uploads\/sites\/1130\/2022\/10\/Content-Writing-1024x811.jpg\" alt=\"\" class=\"uag-image-417\" width=\"550\" height=\"436\" title=\"Content-Writing\" loading=\"lazy\" role=\"img\"\/><\/figure><\/div>\n<\/div><\/div>\n\n\n\n<div class=\"wp-block-uagb-container uagb-block-c6306452 alignfull uagb-is-root-container\"><div class=\"uagb-container-inner-blocks-wrap\">\n<div class=\"wp-block-uagb-call-to-action uagb-block-f5c2c5f3 wp-block-button\"><div class=\"uagb-cta__wrap\"><h2 class=\"uagb-cta__title\">ROZMOWA Z NAMI<\/h2><p class=\"uagb-cta__desc\">Masz jakie\u015b pytania? Jeste\u015bmy zawsze otwarci, aby porozmawia\u0107 o Twojej firmie, nowych projektach, kreatywnych mo\u017cliwo\u015bciach i o tym, jak mo\u017cemy Ci pom\u00f3c.<\/p><\/div><div class=\"uagb-cta__buttons\"><a href=\"#\" class=\"uagb-cta__button-link-wrapper wp-block-button__link\" target=\"_self\" rel=\"noopener noreferrer\">SKONTAKTUJ SI\u0118<\/a><\/div><\/div>\n<\/div><\/div>\n","protected":false},"excerpt":{"rendered":"<p>Us\u0142ugi<\/p>\n","protected":false},"author":1,"featured_media":0,"parent":0,"menu_order":3,"comment_status":"closed","ping_status":"closed","template":"","meta":{"_uag_custom_page_level_css":"","site-sidebar-layout":"default","site-content-layout":"","ast-site-content-layout":"default","site-content-style":"default","site-sidebar-style":"default","ast-global-header-display":"","ast-banner-title-visibility":"","ast-main-header-display":"","ast-hfb-above-header-display":"","ast-hfb-below-header-display":"","ast-hfb-mobile-header-display":"","site-post-title":"disabled","ast-breadcrumbs-content":"","ast-featured-img":"","footer-sml-layout":"","theme-transparent-header-meta":"enabled","adv-header-id-meta":"","stick-header-meta":"","header-above-stick-meta":"","header-main-stick-meta":"","header-below-stick-meta":"","astra-migrate-meta-layouts":"set","ast-page-background-enabled":"default","ast-page-background-meta":{"desktop":{"background-color":"var(--ast-global-color-4)","background-image":"","background-repeat":"repeat","background-position":"center center","background-size":"auto","background-attachment":"scroll","background-type":"","background-media":"","overlay-type":"","overlay-color":"","overlay-opacity":"","overlay-gradient":""},"tablet":{"background-color":"","background-image":"","background-repeat":"repeat","background-position":"center center","background-size":"auto","background-attachment":"scroll","background-type":"","background-media":"","overlay-type":"","overlay-color":"","overlay-opacity":"","overlay-gradient":""},"mobile":{"background-color":"","background-image":"","background-repeat":"repeat","background-position":"center center","background-size":"auto","background-attachment":"scroll","background-type":"","background-media":"","overlay-type":"","overlay-color":"","overlay-opacity":"","overlay-gradient":""}},"ast-content-background-meta":{"desktop":{"background-color":"var(--ast-global-color-5)","background-image":"","background-repeat":"repeat","background-position":"center center","background-size":"auto","background-attachment":"scroll","background-type":"","background-media":"","overlay-type":"","overlay-color":"","overlay-opacity":"","overlay-gradient":""},"tablet":{"background-color":"var(--ast-global-color-5)","background-image":"","background-repeat":"repeat","background-position":"center center","background-size":"auto","background-attachment":"scroll","background-type":"","background-media":"","overlay-type":"","overlay-color":"","overlay-opacity":"","overlay-gradient":""},"mobile":{"background-color":"var(--ast-global-color-5)","background-image":"","background-repeat":"repeat","background-position":"center center","background-size":"auto","background-attachment":"scroll","background-type":"","background-media":"","overlay-type":"","overlay-color":"","overlay-opacity":"","overlay-gradient":""}},"footnotes":""},"class_list":["post-1871","page","type-page","status-publish","hentry"],"uagb_featured_image_src":{"full":false,"thumbnail":false,"medium":false,"medium_large":false,"large":false,"1536x1536":false,"2048x2048":false},"uagb_author_info":{"display_name":"Jack Hamster","author_link":"https:\/\/demo.your-quick.site\/planet-earth-02-multilanguage\/author\/jack-hamster\/"},"uagb_comment_info":0,"uagb_excerpt":"Us\u0142ugi","_links":{"self":[{"href":"https:\/\/demo.your-quick.site\/planet-earth-02-multilanguage\/wp-json\/wp\/v2\/pages\/1871","targetHints":{"allow":["GET"]}}],"collection":[{"href":"https:\/\/demo.your-quick.site\/planet-earth-02-multilanguage\/wp-json\/wp\/v2\/pages"}],"about":[{"href":"https:\/\/demo.your-quick.site\/planet-earth-02-multilanguage\/wp-json\/wp\/v2\/types\/page"}],"author":[{"embeddable":true,"href":"https:\/\/demo.your-quick.site\/planet-earth-02-multilanguage\/wp-json\/wp\/v2\/users\/1"}],"replies":[{"embeddable":true,"href":"https:\/\/demo.your-quick.site\/planet-earth-02-multilanguage\/wp-json\/wp\/v2\/comments?post=1871"}],"version-history":[{"count":2,"href":"https:\/\/demo.your-quick.site\/planet-earth-02-multilanguage\/wp-json\/wp\/v2\/pages\/1871\/revisions"}],"predecessor-version":[{"id":1873,"href":"https:\/\/demo.your-quick.site\/planet-earth-02-multilanguage\/wp-json\/wp\/v2\/pages\/1871\/revisions\/1873"}],"wp:attachment":[{"href":"https:\/\/demo.your-quick.site\/planet-earth-02-multilanguage\/wp-json\/wp\/v2\/media?parent=1871"}],"curies":[{"name":"wp","href":"https:\/\/api.w.org\/{rel}","templated":true}]}}